{"id":881,"date":"2016-10-21T17:35:17","date_gmt":"2016-10-21T15:35:17","guid":{"rendered":"http:\/\/hundeverein-brochthausen.de\/?page_id=881"},"modified":"2022-09-25T14:36:47","modified_gmt":"2022-09-25T12:36:47","slug":"ball-zur-50-jaehrigen-jubilaeum","status":"publish","type":"page","link":"https:\/\/hundeverein-brochthausen.de\/?page_id=881","title":{"rendered":"Ball zur 50-j\u00e4hrigen Jubil\u00e4um"},"content":{"rendered":"<h5 style=\"text-align: center;\">Alle Bilder sind komprimiert. Bei Interesse f\u00fcr h\u00f6her aufgel\u00f6ste Bilder bitte E-Mail an <span style=\"color: #ff0000;\"><a href=\"http:\/\/hundeverein-brochthausen.de\/?page_id=254\">post@hundeverein-brochthausen.de<\/a>\u00a0<\/span><\/h5>\n\n\t\t<style type=\"text\/css\">\n\t\t\t#gallery-1 {\n\t\t\t\tmargin: auto;\n\t\t\t}\n\t\t\t#gallery-1 .gallery-item {\n\t\t\t\tfloat: left;\n\t\t\t\tmargin-top: 10px;\n\t\t\t\ttext-align: center;\n\t\t\t\twidth: 33%;\n\t\t\t}\n\t\t\t#gallery-1 img {\n\t\t\t\tborder: 2px solid #cfcfcf;\n\t\t\t}\n\t\t\t#gallery-1 .gallery-caption {\n\t\t\t\tmargin-left: 0;\n\t\t\t}\n\t\t\t\/* see gallery_shortcode() in wp-includes\/media.php *\/\n\t\t<\/style>\n\t\t<div id='gallery-1' class='gallery galleryid-881 gallery-columns-3 gallery-size-thumbnail'><dl class='gallery-item'>\n\t\t\t<dt class='gallery-icon landscape'>\n\t\t\t\t<a class=\"thumbnail\" href='https:\/\/hundeverein-brochthausen.de\/wp-content\/uploads\/2016\/10\/DSC05331.jpg' rel=\"lightbox[881]\"><img loading=\"lazy\" decoding=\"async\" width=\"150\" height=\"150\" src=\"https:\/\/hundeverein-brochthausen.de\/wp-content\/uploads\/2016\/10\/DSC05331-150x150.jpg\" class=\"attachment-thumbnail size-thumbnail\" alt=\"\" srcset=\"https:\/\/hundeverein-brochthausen.de\/wp-content\/uploads\/2016\/10\/DSC05331-150x150.jpg 150w, https:\/\/hundeverein-brochthausen.de\/wp-content\/uploads\/2016\/10\/DSC05331-60x60.jpg 60w\" sizes=\"auto, (max-width: 150px) 100vw, 150px\" \/><\/a>\n\t\t\t<\/dt><\/dl><dl class='gallery-item'>\n\t\t\t<dt class='gallery-icon landscape'>\n\t\t\t\t<a class=\"thumbnail\" href='https:\/\/hundeverein-brochthausen.de\/wp-content\/uploads\/2016\/10\/DSC05332.jpg' rel=\"lightbox[881]\"><img loading=\"lazy\" decoding=\"async\" width=\"150\" height=\"150\" src=\"https:\/\/hundeverein-brochthausen.de\/wp-content\/uploads\/2016\/10\/DSC05332-150x150.jpg\" class=\"attachment-thumbnail size-thumbnail\" alt=\"\" srcset=\"https:\/\/hundeverein-brochthausen.de\/wp-content\/uploads\/2016\/10\/DSC05332-150x150.jpg 150w, https:\/\/hundeverein-brochthausen.de\/wp-content\/uploads\/2016\/10\/DSC05332-60x60.jpg 60w\" sizes=\"auto, (max-width: 150px) 100vw, 150px\" \/><\/a>\n\t\t\t<\/dt><\/dl><dl class='gallery-item'>\n\t\t\t<dt class='gallery-icon landscape'>\n\t\t\t\t<a class=\"thumbnail\" href='https:\/\/hundeverein-brochthausen.de\/wp-content\/uploads\/2016\/10\/DSC05338.jpg' rel=\"lightbox[881]\"><img loading=\"lazy\" decoding=\"async\" width=\"150\" height=\"150\" src=\"https:\/\/hundeverein-brochthausen.de\/wp-content\/uploads\/2016\/10\/DSC05338-150x150.jpg\" class=\"attachment-thumbnail size-thumbnail\" alt=\"\" srcset=\"https:\/\/hundeverein-brochthausen.de\/wp-content\/uploads\/2016\/10\/DSC05338-150x150.jpg 150w, https:\/\/hundeverein-brochthausen.de\/wp-content\/uploads\/2016\/10\/DSC05338-60x60.jpg 60w\" sizes=\"auto, (max-width: 150px) 100vw, 150px\" \/><\/a>\n\t\t\t<\/dt><\/dl><br style=\"clear: both\" \/><dl class='gallery-item'>\n\t\t\t<dt class='gallery-icon landscape'>\n\t\t\t\t<a class=\"thumbnail\" href='https:\/\/hundeverein-brochthausen.de\/wp-content\/uploads\/2016\/10\/DSC05336.jpg' rel=\"lightbox[881]\"><img loading=\"lazy\" decoding=\"async\" width=\"150\" height=\"150\" src=\"https:\/\/hundeverein-brochthausen.de\/wp-content\/uploads\/2016\/10\/DSC05336-150x150.jpg\" class=\"attachment-thumbnail size-thumbnail\" alt=\"\" srcset=\"https:\/\/hundeverein-brochthausen.de\/wp-content\/uploads\/2016\/10\/DSC05336-150x150.jpg 150w, https:\/\/hundeverein-brochthausen.de\/wp-content\/uploads\/2016\/10\/DSC05336-60x60.jpg 60w\" sizes=\"auto, (max-width: 150px) 100vw, 150px\" \/><\/a>\n\t\t\t<\/dt><\/dl><dl class='gallery-item'>\n\t\t\t<dt class='gallery-icon landscape'>\n\t\t\t\t<a class=\"thumbnail\" href='https:\/\/hundeverein-brochthausen.de\/wp-content\/uploads\/2016\/10\/DSC05335.jpg' rel=\"lightbox[881]\"><img loading=\"lazy\" decoding=\"async\" width=\"150\" height=\"150\" src=\"https:\/\/hundeverein-brochthausen.de\/wp-content\/uploads\/2016\/10\/DSC05335-150x150.jpg\" class=\"attachment-thumbnail size-thumbnail\" alt=\"\" srcset=\"https:\/\/hundeverein-brochthausen.de\/wp-content\/uploads\/2016\/10\/DSC05335-150x150.jpg 150w, https:\/\/hundeverein-brochthausen.de\/wp-content\/uploads\/2016\/10\/DSC05335-60x60.jpg 60w\" sizes=\"auto, (max-width: 150px) 100vw, 150px\" \/><\/a>\n\t\t\t<\/dt><\/dl><dl class='gallery-item'>\n\t\t\t<dt class='gallery-icon landscape'>\n\t\t\t\t<a class=\"thumbnail\" href='https:\/\/hundeverein-brochthausen.de\/wp-content\/uploads\/2016\/10\/DSC05347.jpg' rel=\"lightbox[881]\"><img loading=\"lazy\" decoding=\"async\" width=\"150\" height=\"150\" src=\"https:\/\/hundeverein-brochthausen.de\/wp-content\/uploads\/2016\/10\/DSC05347-150x150.jpg\" class=\"attachment-thumbnail size-thumbnail\" alt=\"\" srcset=\"https:\/\/hundeverein-brochthausen.de\/wp-content\/uploads\/2016\/10\/DSC05347-150x150.jpg 150w, https:\/\/hundeverein-brochthausen.de\/wp-content\/uploads\/2016\/10\/DSC05347-60x60.jpg 60w\" sizes=\"auto, (max-width: 150px) 100vw, 150px\" \/><\/a>\n\t\t\t<\/dt><\/dl><br style=\"clear: both\" \/><dl class='gallery-item'>\n\t\t\t<dt class='gallery-icon landscape'>\n\t\t\t\t<a class=\"thumbnail\" href='https:\/\/hundeverein-brochthausen.de\/wp-content\/uploads\/2016\/10\/DSC05393.jpg' rel=\"lightbox[881]\"><img loading=\"lazy\" decoding=\"async\" width=\"150\" height=\"150\" src=\"https:\/\/hundeverein-brochthausen.de\/wp-content\/uploads\/2016\/10\/DSC05393-150x150.jpg\" class=\"attachment-thumbnail size-thumbnail\" alt=\"\" srcset=\"https:\/\/hundeverein-brochthausen.de\/wp-content\/uploads\/2016\/10\/DSC05393-150x150.jpg 150w, https:\/\/hundeverein-brochthausen.de\/wp-content\/uploads\/2016\/10\/DSC05393-60x60.jpg 60w\" sizes=\"auto, (max-width: 150px) 100vw, 150px\" \/><\/a>\n\t\t\t<\/dt><\/dl><dl class='gallery-item'>\n\t\t\t<dt class='gallery-icon landscape'>\n\t\t\t\t<a class=\"thumbnail\" href='https:\/\/hundeverein-brochthausen.de\/wp-content\/uploads\/2016\/10\/DSC05349.jpg' rel=\"lightbox[881]\"><img loading=\"lazy\" decoding=\"async\" width=\"150\" height=\"150\" src=\"https:\/\/hundeverein-brochthausen.de\/wp-content\/uploads\/2016\/10\/DSC05349-150x150.jpg\" class=\"attachment-thumbnail size-thumbnail\" alt=\"\" srcset=\"https:\/\/hundeverein-brochthausen.de\/wp-content\/uploads\/2016\/10\/DSC05349-150x150.jpg 150w, https:\/\/hundeverein-brochthausen.de\/wp-content\/uploads\/2016\/10\/DSC05349-60x60.jpg 60w\" sizes=\"auto, (max-width: 150px) 100vw, 150px\" \/><\/a>\n\t\t\t<\/dt><\/dl><dl class='gallery-item'>\n\t\t\t<dt class='gallery-icon landscape'>\n\t\t\t\t<a class=\"thumbnail\" href='https:\/\/hundeverein-brochthausen.de\/wp-content\/uploads\/2016\/10\/DSC05353.jpg' rel=\"lightbox[881]\"><img loading=\"lazy\" decoding=\"async\" width=\"150\" height=\"150\" src=\"https:\/\/hundeverein-brochthausen.de\/wp-content\/uploads\/2016\/10\/DSC05353-150x150.jpg\" class=\"attachment-thumbnail size-thumbnail\" alt=\"\" srcset=\"https:\/\/hundeverein-brochthausen.de\/wp-content\/uploads\/2016\/10\/DSC05353-150x150.jpg 150w, https:\/\/hundeverein-brochthausen.de\/wp-content\/uploads\/2016\/10\/DSC05353-60x60.jpg 60w\" sizes=\"auto, (max-width: 150px) 100vw, 150px\" \/><\/a>\n\t\t\t<\/dt><\/dl><br style=\"clear: both\" \/><dl class='gallery-item'>\n\t\t\t<dt class='gallery-icon landscape'>\n\t\t\t\t<a class=\"thumbnail\" href='https:\/\/hundeverein-brochthausen.de\/wp-content\/uploads\/2016\/10\/DSC05389.jpg' rel=\"lightbox[881]\"><img loading=\"lazy\" decoding=\"async\" width=\"150\" height=\"150\" src=\"https:\/\/hundeverein-brochthausen.de\/wp-content\/uploads\/2016\/10\/DSC05389-150x150.jpg\" class=\"attachment-thumbnail size-thumbnail\" alt=\"\" srcset=\"https:\/\/hundeverein-brochthausen.de\/wp-content\/uploads\/2016\/10\/DSC05389-150x150.jpg 150w, https:\/\/hundeverein-brochthausen.de\/wp-content\/uploads\/2016\/10\/DSC05389-60x60.jpg 60w\" sizes=\"auto, (max-width: 150px) 100vw, 150px\" \/><\/a>\n\t\t\t<\/dt><\/dl><dl class='gallery-item'>\n\t\t\t<dt class='gallery-icon landscape'>\n\t\t\t\t<a class=\"thumbnail\" href='https:\/\/hundeverein-brochthausen.de\/wp-content\/uploads\/2016\/10\/DSC05386.jpg' rel=\"lightbox[881]\"><img loading=\"lazy\" decoding=\"async\" width=\"150\" height=\"150\" src=\"https:\/\/hundeverein-brochthausen.de\/wp-content\/uploads\/2016\/10\/DSC05386-150x150.jpg\" class=\"attachment-thumbnail size-thumbnail\" alt=\"\" srcset=\"https:\/\/hundeverein-brochthausen.de\/wp-content\/uploads\/2016\/10\/DSC05386-150x150.jpg 150w, https:\/\/hundeverein-brochthausen.de\/wp-content\/uploads\/2016\/10\/DSC05386-60x60.jpg 60w\" sizes=\"auto, (max-width: 150px) 100vw, 150px\" \/><\/a>\n\t\t\t<\/dt><\/dl><dl class='gallery-item'>\n\t\t\t<dt class='gallery-icon landscape'>\n\t\t\t\t<a class=\"thumbnail\" href='https:\/\/hundeverein-brochthausen.de\/wp-content\/uploads\/2016\/10\/DSC05382.jpg' rel=\"lightbox[881]\"><img loading=\"lazy\" decoding=\"async\" width=\"150\" height=\"150\" src=\"https:\/\/hundeverein-brochthausen.de\/wp-content\/uploads\/2016\/10\/DSC05382-150x150.jpg\" class=\"attachment-thumbnail size-thumbnail\" alt=\"\" srcset=\"https:\/\/hundeverein-brochthausen.de\/wp-content\/uploads\/2016\/10\/DSC05382-150x150.jpg 150w, https:\/\/hundeverein-brochthausen.de\/wp-content\/uploads\/2016\/10\/DSC05382-60x60.jpg 60w\" sizes=\"auto, (max-width: 150px) 100vw, 150px\" \/><\/a>\n\t\t\t<\/dt><\/dl><br style=\"clear: both\" \/><dl class='gallery-item'>\n\t\t\t<dt class='gallery-icon landscape'>\n\t\t\t\t<a class=\"thumbnail\" href='https:\/\/hundeverein-brochthausen.de\/wp-content\/uploads\/2016\/10\/DSC05379.jpg' rel=\"lightbox[881]\"><img loading=\"lazy\" decoding=\"async\" width=\"150\" height=\"150\" src=\"https:\/\/hundeverein-brochthausen.de\/wp-content\/uploads\/2016\/10\/DSC05379-150x150.jpg\" class=\"attachment-thumbnail size-thumbnail\" alt=\"\" srcset=\"https:\/\/hundeverein-brochthausen.de\/wp-content\/uploads\/2016\/10\/DSC05379-150x150.jpg 150w, https:\/\/hundeverein-brochthausen.de\/wp-content\/uploads\/2016\/10\/DSC05379-60x60.jpg 60w\" sizes=\"auto, (max-width: 150px) 100vw, 150px\" \/><\/a>\n\t\t\t<\/dt><\/dl><dl class='gallery-item'>\n\t\t\t<dt class='gallery-icon landscape'>\n\t\t\t\t<a class=\"thumbnail\" href='https:\/\/hundeverein-brochthausen.de\/wp-content\/uploads\/2016\/10\/DSC05378.jpg' rel=\"lightbox[881]\"><img loading=\"lazy\" decoding=\"async\" width=\"150\" height=\"150\" src=\"https:\/\/hundeverein-brochthausen.de\/wp-content\/uploads\/2016\/10\/DSC05378-150x150.jpg\" class=\"attachment-thumbnail size-thumbnail\" alt=\"\" srcset=\"https:\/\/hundeverein-brochthausen.de\/wp-content\/uploads\/2016\/10\/DSC05378-150x150.jpg 150w, https:\/\/hundeverein-brochthausen.de\/wp-content\/uploads\/2016\/10\/DSC05378-60x60.jpg 60w\" sizes=\"auto, (max-width: 150px) 100vw, 150px\" \/><\/a>\n\t\t\t<\/dt><\/dl><dl class='gallery-item'>\n\t\t\t<dt class='gallery-icon landscape'>\n\t\t\t\t<a class=\"thumbnail\" href='https:\/\/hundeverein-brochthausen.de\/wp-content\/uploads\/2016\/10\/DSC05372.jpg' rel=\"lightbox[881]\"><img loading=\"lazy\" decoding=\"async\" width=\"150\" height=\"150\" src=\"https:\/\/hundeverein-brochthausen.de\/wp-content\/uploads\/2016\/10\/DSC05372-150x150.jpg\" class=\"attachment-thumbnail size-thumbnail\" alt=\"\" srcset=\"https:\/\/hundeverein-brochthausen.de\/wp-content\/uploads\/2016\/10\/DSC05372-150x150.jpg 150w, https:\/\/hundeverein-brochthausen.de\/wp-content\/uploads\/2016\/10\/DSC05372-60x60.jpg 60w\" sizes=\"auto, (max-width: 150px) 100vw, 150px\" \/><\/a>\n\t\t\t<\/dt><\/dl><br style=\"clear: both\" \/><dl class='gallery-item'>\n\t\t\t<dt class='gallery-icon landscape'>\n\t\t\t\t<a class=\"thumbnail\" href='https:\/\/hundeverein-brochthausen.de\/wp-content\/uploads\/2016\/10\/DSC05358.jpg' rel=\"lightbox[881]\"><img loading=\"lazy\" decoding=\"async\" width=\"150\" height=\"150\" src=\"https:\/\/hundeverein-brochthausen.de\/wp-content\/uploads\/2016\/10\/DSC05358-150x150.jpg\" class=\"attachment-thumbnail size-thumbnail\" alt=\"\" srcset=\"https:\/\/hundeverein-brochthausen.de\/wp-content\/uploads\/2016\/10\/DSC05358-150x150.jpg 150w, https:\/\/hundeverein-brochthausen.de\/wp-content\/uploads\/2016\/10\/DSC05358-60x60.jpg 60w\" sizes=\"auto, (max-width: 150px) 100vw, 150px\" \/><\/a>\n\t\t\t<\/dt><\/dl><dl class='gallery-item'>\n\t\t\t<dt class='gallery-icon landscape'>\n\t\t\t\t<a class=\"thumbnail\" href='https:\/\/hundeverein-brochthausen.de\/wp-content\/uploads\/2016\/10\/DSC05359.jpg' rel=\"lightbox[881]\"><img loading=\"lazy\" decoding=\"async\" width=\"150\" height=\"150\" src=\"https:\/\/hundeverein-brochthausen.de\/wp-content\/uploads\/2016\/10\/DSC05359-150x150.jpg\" class=\"attachment-thumbnail size-thumbnail\" alt=\"\" srcset=\"https:\/\/hundeverein-brochthausen.de\/wp-content\/uploads\/2016\/10\/DSC05359-150x150.jpg 150w, https:\/\/hundeverein-brochthausen.de\/wp-content\/uploads\/2016\/10\/DSC05359-60x60.jpg 60w\" sizes=\"auto, (max-width: 150px) 100vw, 150px\" \/><\/a>\n\t\t\t<\/dt><\/dl><dl class='gallery-item'>\n\t\t\t<dt class='gallery-icon landscape'>\n\t\t\t\t<a class=\"thumbnail\" href='https:\/\/hundeverein-brochthausen.de\/wp-content\/uploads\/2016\/10\/DSC05360.jpg' rel=\"lightbox[881]\"><img loading=\"lazy\" decoding=\"async\" width=\"150\" height=\"150\" src=\"https:\/\/hundeverein-brochthausen.de\/wp-content\/uploads\/2016\/10\/DSC05360-150x150.jpg\" class=\"attachment-thumbnail size-thumbnail\" alt=\"\" srcset=\"https:\/\/hundeverein-brochthausen.de\/wp-content\/uploads\/2016\/10\/DSC05360-150x150.jpg 150w, https:\/\/hundeverein-brochthausen.de\/wp-content\/uploads\/2016\/10\/DSC05360-60x60.jpg 60w\" sizes=\"auto, (max-width: 150px) 100vw, 150px\" \/><\/a>\n\t\t\t<\/dt><\/dl><br style=\"clear: both\" \/><dl class='gallery-item'>\n\t\t\t<dt class='gallery-icon landscape'>\n\t\t\t\t<a class=\"thumbnail\" href='https:\/\/hundeverein-brochthausen.de\/wp-content\/uploads\/2016\/10\/DSC05361.jpg' rel=\"lightbox[881]\"><img loading=\"lazy\" decoding=\"async\" width=\"150\" height=\"150\" src=\"https:\/\/hundeverein-brochthausen.de\/wp-content\/uploads\/2016\/10\/DSC05361-150x150.jpg\" class=\"attachment-thumbnail size-thumbnail\" alt=\"\" srcset=\"https:\/\/hundeverein-brochthausen.de\/wp-content\/uploads\/2016\/10\/DSC05361-150x150.jpg 150w, https:\/\/hundeverein-brochthausen.de\/wp-content\/uploads\/2016\/10\/DSC05361-60x60.jpg 60w\" sizes=\"auto, (max-width: 150px) 100vw, 150px\" \/><\/a>\n\t\t\t<\/dt><\/dl><dl class='gallery-item'>\n\t\t\t<dt class='gallery-icon landscape'>\n\t\t\t\t<a class=\"thumbnail\" href='https:\/\/hundeverein-brochthausen.de\/wp-content\/uploads\/2016\/10\/DSC05362.jpg' rel=\"lightbox[881]\"><img loading=\"lazy\" decoding=\"async\" width=\"150\" height=\"150\" src=\"https:\/\/hundeverein-brochthausen.de\/wp-content\/uploads\/2016\/10\/DSC05362-150x150.jpg\" class=\"attachment-thumbnail size-thumbnail\" alt=\"\" srcset=\"https:\/\/hundeverein-brochthausen.de\/wp-content\/uploads\/2016\/10\/DSC05362-150x150.jpg 150w, https:\/\/hundeverein-brochthausen.de\/wp-content\/uploads\/2016\/10\/DSC05362-60x60.jpg 60w\" sizes=\"auto, (max-width: 150px) 100vw, 150px\" \/><\/a>\n\t\t\t<\/dt><\/dl><dl class='gallery-item'>\n\t\t\t<dt class='gallery-icon landscape'>\n\t\t\t\t<a class=\"thumbnail\" href='https:\/\/hundeverein-brochthausen.de\/wp-content\/uploads\/2016\/10\/DSC05364.jpg' rel=\"lightbox[881]\"><img loading=\"lazy\" decoding=\"async\" width=\"150\" height=\"150\" src=\"https:\/\/hundeverein-brochthausen.de\/wp-content\/uploads\/2016\/10\/DSC05364-150x150.jpg\" class=\"attachment-thumbnail size-thumbnail\" alt=\"\" srcset=\"https:\/\/hundeverein-brochthausen.de\/wp-content\/uploads\/2016\/10\/DSC05364-150x150.jpg 150w, https:\/\/hundeverein-brochthausen.de\/wp-content\/uploads\/2016\/10\/DSC05364-60x60.jpg 60w\" sizes=\"auto, (max-width: 150px) 100vw, 150px\" \/><\/a>\n\t\t\t<\/dt><\/dl><br style=\"clear: both\" \/><dl class='gallery-item'>\n\t\t\t<dt class='gallery-icon landscape'>\n\t\t\t\t<a class=\"thumbnail\" href='https:\/\/hundeverein-brochthausen.de\/wp-content\/uploads\/2016\/10\/DSC05367.jpg' rel=\"lightbox[881]\"><img loading=\"lazy\" decoding=\"async\" width=\"150\" height=\"150\" src=\"https:\/\/hundeverein-brochthausen.de\/wp-content\/uploads\/2016\/10\/DSC05367-150x150.jpg\" class=\"attachment-thumbnail size-thumbnail\" alt=\"\" srcset=\"https:\/\/hundeverein-brochthausen.de\/wp-content\/uploads\/2016\/10\/DSC05367-150x150.jpg 150w, https:\/\/hundeverein-brochthausen.de\/wp-content\/uploads\/2016\/10\/DSC05367-60x60.jpg 60w\" sizes=\"auto, (max-width: 150px) 100vw, 150px\" \/><\/a>\n\t\t\t<\/dt><\/dl><dl class='gallery-item'>\n\t\t\t<dt class='gallery-icon landscape'>\n\t\t\t\t<a class=\"thumbnail\" href='https:\/\/hundeverein-brochthausen.de\/wp-content\/uploads\/2016\/10\/DSC05368.jpg' rel=\"lightbox[881]\"><img loading=\"lazy\" decoding=\"async\" width=\"150\" height=\"150\" src=\"https:\/\/hundeverein-brochthausen.de\/wp-content\/uploads\/2016\/10\/DSC05368-150x150.jpg\" class=\"attachment-thumbnail size-thumbnail\" alt=\"\" srcset=\"https:\/\/hundeverein-brochthausen.de\/wp-content\/uploads\/2016\/10\/DSC05368-150x150.jpg 150w, https:\/\/hundeverein-brochthausen.de\/wp-content\/uploads\/2016\/10\/DSC05368-60x60.jpg 60w\" sizes=\"auto, (max-width: 150px) 100vw, 150px\" \/><\/a>\n\t\t\t<\/dt><\/dl><dl class='gallery-item'>\n\t\t\t<dt class='gallery-icon landscape'>\n\t\t\t\t<a class=\"thumbnail\" href='https:\/\/hundeverein-brochthausen.de\/wp-content\/uploads\/2016\/10\/DSC05370.jpg' rel=\"lightbox[881]\"><img loading=\"lazy\" decoding=\"async\" width=\"150\" height=\"150\" src=\"https:\/\/hundeverein-brochthausen.de\/wp-content\/uploads\/2016\/10\/DSC05370-150x150.jpg\" class=\"attachment-thumbnail size-thumbnail\" alt=\"\" srcset=\"https:\/\/hundeverein-brochthausen.de\/wp-content\/uploads\/2016\/10\/DSC05370-150x150.jpg 150w, https:\/\/hundeverein-brochthausen.de\/wp-content\/uploads\/2016\/10\/DSC05370-60x60.jpg 60w\" sizes=\"auto, (max-width: 150px) 100vw, 150px\" \/><\/a>\n\t\t\t<\/dt><\/dl><br style=\"clear: both\" \/><dl class='gallery-item'>\n\t\t\t<dt class='gallery-icon landscape'>\n\t\t\t\t<a class=\"thumbnail\" href='https:\/\/hundeverein-brochthausen.de\/wp-content\/uploads\/2016\/10\/DSC05437.jpg' rel=\"lightbox[881]\"><img loading=\"lazy\" decoding=\"async\" width=\"150\" height=\"150\" src=\"https:\/\/hundeverein-brochthausen.de\/wp-content\/uploads\/2016\/10\/DSC05437-150x150.jpg\" class=\"attachment-thumbnail size-thumbnail\" alt=\"\" srcset=\"https:\/\/hundeverein-brochthausen.de\/wp-content\/uploads\/2016\/10\/DSC05437-150x150.jpg 150w, https:\/\/hundeverein-brochthausen.de\/wp-content\/uploads\/2016\/10\/DSC05437-60x60.jpg 60w\" sizes=\"auto, (max-width: 150px) 100vw, 150px\" \/><\/a>\n\t\t\t<\/dt><\/dl><dl class='gallery-item'>\n\t\t\t<dt class='gallery-icon landscape'>\n\t\t\t\t<a class=\"thumbnail\" href='https:\/\/hundeverein-brochthausen.de\/wp-content\/uploads\/2016\/10\/DSC05413.jpg' rel=\"lightbox[881]\"><img loading=\"lazy\" decoding=\"async\" width=\"150\" height=\"150\" src=\"https:\/\/hundeverein-brochthausen.de\/wp-content\/uploads\/2016\/10\/DSC05413-150x150.jpg\" class=\"attachment-thumbnail size-thumbnail\" alt=\"\" srcset=\"https:\/\/hundeverein-brochthausen.de\/wp-content\/uploads\/2016\/10\/DSC05413-150x150.jpg 150w, https:\/\/hundeverein-brochthausen.de\/wp-content\/uploads\/2016\/10\/DSC05413-60x60.jpg 60w\" sizes=\"auto, (max-width: 150px) 100vw, 150px\" \/><\/a>\n\t\t\t<\/dt><\/dl><dl class='gallery-item'>\n\t\t\t<dt class='gallery-icon landscape'>\n\t\t\t\t<a class=\"thumbnail\" href='https:\/\/hundeverein-brochthausen.de\/wp-content\/uploads\/2016\/10\/DSC05436.jpg' rel=\"lightbox[881]\"><img loading=\"lazy\" decoding=\"async\" width=\"150\" height=\"150\" src=\"https:\/\/hundeverein-brochthausen.de\/wp-content\/uploads\/2016\/10\/DSC05436-150x150.jpg\" class=\"attachment-thumbnail size-thumbnail\" alt=\"\" srcset=\"https:\/\/hundeverein-brochthausen.de\/wp-content\/uploads\/2016\/10\/DSC05436-150x150.jpg 150w, https:\/\/hundeverein-brochthausen.de\/wp-content\/uploads\/2016\/10\/DSC05436-60x60.jpg 60w\" sizes=\"auto, (max-width: 150px) 100vw, 150px\" \/><\/a>\n\t\t\t<\/dt><\/dl><br style=\"clear: both\" \/><dl class='gallery-item'>\n\t\t\t<dt class='gallery-icon portrait'>\n\t\t\t\t<a class=\"thumbnail\" href='https:\/\/hundeverein-brochthausen.de\/wp-content\/uploads\/2016\/10\/DSC05435.jpg' rel=\"lightbox[881]\"><img loading=\"lazy\" decoding=\"async\" width=\"150\" height=\"150\" src=\"https:\/\/hundeverein-brochthausen.de\/wp-content\/uploads\/2016\/10\/DSC05435-150x150.jpg\" class=\"attachment-thumbnail size-thumbnail\" alt=\"\" srcset=\"https:\/\/hundeverein-brochthausen.de\/wp-content\/uploads\/2016\/10\/DSC05435-150x150.jpg 150w, https:\/\/hundeverein-brochthausen.de\/wp-content\/uploads\/2016\/10\/DSC05435-60x60.jpg 60w\" sizes=\"auto, (max-width: 150px) 100vw, 150px\" \/><\/a>\n\t\t\t<\/dt><\/dl><dl class='gallery-item'>\n\t\t\t<dt class='gallery-icon landscape'>\n\t\t\t\t<a class=\"thumbnail\" href='https:\/\/hundeverein-brochthausen.de\/wp-content\/uploads\/2016\/10\/DSC05407.jpg' rel=\"lightbox[881]\"><img loading=\"lazy\" decoding=\"async\" width=\"150\" height=\"150\" src=\"https:\/\/hundeverein-brochthausen.de\/wp-content\/uploads\/2016\/10\/DSC05407-150x150.jpg\" class=\"attachment-thumbnail size-thumbnail\" alt=\"\" srcset=\"https:\/\/hundeverein-brochthausen.de\/wp-content\/uploads\/2016\/10\/DSC05407-150x150.jpg 150w, https:\/\/hundeverein-brochthausen.de\/wp-content\/uploads\/2016\/10\/DSC05407-60x60.jpg 60w\" sizes=\"auto, (max-width: 150px) 100vw, 150px\" \/><\/a>\n\t\t\t<\/dt><\/dl><dl class='gallery-item'>\n\t\t\t<dt class='gallery-icon landscape'>\n\t\t\t\t<a class=\"thumbnail\" href='https:\/\/hundeverein-brochthausen.de\/wp-content\/uploads\/2016\/10\/DSC05401.jpg' rel=\"lightbox[881]\"><img loading=\"lazy\" decoding=\"async\" width=\"150\" height=\"150\" src=\"https:\/\/hundeverein-brochthausen.de\/wp-content\/uploads\/2016\/10\/DSC05401-150x150.jpg\" class=\"attachment-thumbnail size-thumbnail\" alt=\"\" srcset=\"https:\/\/hundeverein-brochthausen.de\/wp-content\/uploads\/2016\/10\/DSC05401-150x150.jpg 150w, https:\/\/hundeverein-brochthausen.de\/wp-content\/uploads\/2016\/10\/DSC05401-60x60.jpg 60w\" sizes=\"auto, (max-width: 150px) 100vw, 150px\" \/><\/a>\n\t\t\t<\/dt><\/dl><br style=\"clear: both\" \/><dl class='gallery-item'>\n\t\t\t<dt class='gallery-icon landscape'>\n\t\t\t\t<a class=\"thumbnail\" href='https:\/\/hundeverein-brochthausen.de\/wp-content\/uploads\/2016\/10\/DSC05411.jpg' rel=\"lightbox[881]\"><img loading=\"lazy\" decoding=\"async\" width=\"150\" height=\"150\" src=\"https:\/\/hundeverein-brochthausen.de\/wp-content\/uploads\/2016\/10\/DSC05411-150x150.jpg\" class=\"attachment-thumbnail size-thumbnail\" alt=\"\" srcset=\"https:\/\/hundeverein-brochthausen.de\/wp-content\/uploads\/2016\/10\/DSC05411-150x150.jpg 150w, https:\/\/hundeverein-brochthausen.de\/wp-content\/uploads\/2016\/10\/DSC05411-60x60.jpg 60w\" sizes=\"auto, (max-width: 150px) 100vw, 150px\" \/><\/a>\n\t\t\t<\/dt><\/dl><dl class='gallery-item'>\n\t\t\t<dt class='gallery-icon landscape'>\n\t\t\t\t<a class=\"thumbnail\" href='https:\/\/hundeverein-brochthausen.de\/wp-content\/uploads\/2016\/10\/DSC05434.jpg' rel=\"lightbox[881]\"><img loading=\"lazy\" decoding=\"async\" width=\"150\" height=\"150\" src=\"https:\/\/hundeverein-brochthausen.de\/wp-content\/uploads\/2016\/10\/DSC05434-150x150.jpg\" class=\"attachment-thumbnail size-thumbnail\" alt=\"\" srcset=\"https:\/\/hundeverein-brochthausen.de\/wp-content\/uploads\/2016\/10\/DSC05434-150x150.jpg 150w, https:\/\/hundeverein-brochthausen.de\/wp-content\/uploads\/2016\/10\/DSC05434-60x60.jpg 60w\" sizes=\"auto, (max-width: 150px) 100vw, 150px\" \/><\/a>\n\t\t\t<\/dt><\/dl><dl class='gallery-item'>\n\t\t\t<dt class='gallery-icon landscape'>\n\t\t\t\t<a class=\"thumbnail\" href='https:\/\/hundeverein-brochthausen.de\/wp-content\/uploads\/2016\/10\/DSC05395.jpg' rel=\"lightbox[881]\"><img loading=\"lazy\" decoding=\"async\" width=\"150\" height=\"150\" src=\"https:\/\/hundeverein-brochthausen.de\/wp-content\/uploads\/2016\/10\/DSC05395-150x150.jpg\" class=\"attachment-thumbnail size-thumbnail\" alt=\"\" srcset=\"https:\/\/hundeverein-brochthausen.de\/wp-content\/uploads\/2016\/10\/DSC05395-150x150.jpg 150w, https:\/\/hundeverein-brochthausen.de\/wp-content\/uploads\/2016\/10\/DSC05395-60x60.jpg 60w\" sizes=\"auto, (max-width: 150px) 100vw, 150px\" \/><\/a>\n\t\t\t<\/dt><\/dl><br style=\"clear: both\" \/>\n\t\t<\/div>\n\n<div id=\"hzImg\" style=\"border: 1px solid #ffffff; line-height: 0; overflow: hidden; padding: 2px; margin: 0px; position: absolute; z-index: 2147483647; border-radius: 3px; box-shadow: rgba(0, 0, 0, 0.33) 3px 3px 9px 5px; opacity: 1; top: 0px; left: 68px; background-color: #ffffff; cursor: pointer; pointer-events: none; display: none;\"><\/div>\n","protected":false},"excerpt":{"rendered":"<p>Alle Bilder sind komprimiert. Bei Interesse f\u00fcr h\u00f6her aufgel\u00f6ste Bilder bitte E-Mail an post@hundeverein-brochthausen.de\u00a0<\/p>\n","protected":false},"author":1,"featured_media":0,"parent":2207,"menu_order":0,"comment_status":"closed","ping_status":"closed","template":"","meta":{"footnotes":""},"class_list":["post-881","page","type-page","status-publish","hentry"],"_links":{"self":[{"href":"https:\/\/hundeverein-brochthausen.de\/index.php?rest_route=\/wp\/v2\/pages\/881","targetHints":{"allow":["GET"]}}],"collection":[{"href":"https:\/\/hundeverein-brochthausen.de\/index.php?rest_route=\/wp\/v2\/pages"}],"about":[{"href":"https:\/\/hundeverein-brochthausen.de\/index.php?rest_route=\/wp\/v2\/types\/page"}],"author":[{"embeddable":true,"href":"https:\/\/hundeverein-brochthausen.de\/index.php?rest_route=\/wp\/v2\/users\/1"}],"replies":[{"embeddable":true,"href":"https:\/\/hundeverein-brochthausen.de\/index.php?rest_route=%2Fwp%2Fv2%2Fcomments&post=881"}],"version-history":[{"count":3,"href":"https:\/\/hundeverein-brochthausen.de\/index.php?rest_route=\/wp\/v2\/pages\/881\/revisions"}],"predecessor-version":[{"id":1213,"href":"https:\/\/hundeverein-brochthausen.de\/index.php?rest_route=\/wp\/v2\/pages\/881\/revisions\/1213"}],"up":[{"embeddable":true,"href":"https:\/\/hundeverein-brochthausen.de\/index.php?rest_route=\/wp\/v2\/pages\/2207"}],"wp:attachment":[{"href":"https:\/\/hundeverein-brochthausen.de\/index.php?rest_route=%2Fwp%2Fv2%2Fmedia&parent=881"}],"curies":[{"name":"wp","href":"https:\/\/api.w.org\/{rel}","templated":true}]}}